{"id":770,"date":"2016-05-20T15:51:32","date_gmt":"2016-05-20T13:51:32","guid":{"rendered":"http:\/\/www.justsardinia.it\/?page_id=770"},"modified":"2020-07-31T18:34:27","modified_gmt":"2020-07-31T16:34:27","slug":"location-avec-chauffeur","status":"publish","type":"page","link":"http:\/\/taxisardegna.net\/index.php\/fr\/service-taxi\/location-avec-chauffeur\/","title":{"rendered":"Location avec chauffeur"},"content":{"rendered":"<h3>Se d\u00e9placer sans probl\u00e8mes<\/h3>\n<p style=\"text-align: justify;\">La soci\u00e9t\u00e9 Just Sardinia est une garantie en ce qui concerne la location de v\u00e9hicule avec chauffeur, service business, transfert individuel ou collectif, excursion journali\u00e8re ,voiture de luxe disponible pour les mariages ou shopping, S\u00e9ance de photo de mode, meeting ou congr\u00e8s sur toute la Sardaigne.<\/p>\n<p style=\"text-align: justify;\">Nous poss\u00e9dons entre autres des v\u00e9hicules sp\u00e9cifiques pour les personnes porteurs d\u2019handicap.<\/p>\n<p style=\"text-align: justify;\">Pour voyager en toute s\u00e9curit\u00e9, tranquillit\u00e9 et discr\u00e9tion, nous mettons \u00e0 votre disposition une vaste gamme de voiture&nbsp;:<\/p>\n<p><span style=\"border-radius: 2px; text-indent: 20px; width: auto; padding: 0px 4px 0px 0px; text-align: center; font: bold 11px\/20px 'Helvetica Neue',Helvetica,sans-serif; color: #ffffff; background: #bd081c no-repeat scroll 3px 50% \/ 14px 14px; position: absolute; opacity: 1; z-index: 8675309; display: none; cursor: pointer;\">Salva<\/span><\/p>\n<p><span style=\"border-radius: 2px; text-indent: 20px; width: auto; padding: 0px 4px 0px 0px; text-align: center; font: bold 11px\/20px 'Helvetica Neue',Helvetica,sans-serif; color: #ffffff; background: #bd081c  no-repeat scroll 3px 50% \/ 14px 14px; position: absolute; opacity: 1; z-index: 8675309; display: none; cursor: pointer;\">Salva<\/span><\/p>\n\n\n<h4 class=\"has-text-align-center\">Mercedes Class S<\/h4>\n\n\n\n<figure class=\"wp-block-gallery columns-3 is-cropped\"><ul class=\"blocks-gallery-grid\"><li class=\"blocks-gallery-item\"><figure><a href=\"http:\/\/www.justsardinia.it\/wp-content\/uploads\/2020\/07\/mercedes-classe-s-01.jpg\" data-rel=\"lightbox-image-0\" data-rl_title=\"\" data-rl_caption=\"\" title=\"\"><img loading=\"lazy\" width=\"1024\" height=\"682\" src=\"http:\/\/www.justsardinia.it\/wp-content\/uploads\/2020\/07\/mercedes-classe-s-01-1024x682.jpg\" alt=\"\" data-id=\"2164\" data-full-url=\"http:\/\/www.justsardinia.it\/wp-content\/uploads\/2020\/07\/mercedes-classe-s-01.jpg\" data-link=\"http:\/\/www.justsardinia.it\/mercedes-classe-s-01-2\/\" class=\"wp-image-2164\" srcset=\"http:\/\/taxisardegna.net\/wp-content\/uploads\/2020\/07\/mercedes-classe-s-01-1024x682.jpg 1024w, http:\/\/taxisardegna.net\/wp-content\/uploads\/2020\/07\/mercedes-classe-s-01-300x200.jpg 300w, http:\/\/taxisardegna.net\/wp-content\/uploads\/2020\/07\/mercedes-classe-s-01-768x512.jpg 768w, http:\/\/taxisardegna.net\/wp-content\/uploads\/2020\/07\/mercedes-classe-s-01-120x80.jpg 120w, http:\/\/taxisardegna.net\/wp-content\/uploads\/2020\/07\/mercedes-classe-s-01.jpg 1280w\" sizes=\"(max-width: 1024px) 100vw, 1024px\" \/><\/a><\/figure><\/li><li class=\"blocks-gallery-item\"><figure><a href=\"http:\/\/www.justsardinia.it\/wp-content\/uploads\/2020\/07\/mercedes-classe-s-03.jpg\" data-rel=\"lightbox-image-1\" data-rl_title=\"\" data-rl_caption=\"\" title=\"\"><img loading=\"lazy\" width=\"1024\" height=\"682\" src=\"http:\/\/www.justsardinia.it\/wp-content\/uploads\/2020\/07\/mercedes-classe-s-03-1024x682.jpg\" alt=\"\" data-id=\"2166\" data-full-url=\"http:\/\/www.justsardinia.it\/wp-content\/uploads\/2020\/07\/mercedes-classe-s-03.jpg\" data-link=\"http:\/\/www.justsardinia.it\/mercedes-classe-s-03-2\/\" class=\"wp-image-2166\" srcset=\"http:\/\/taxisardegna.net\/wp-content\/uploads\/2020\/07\/mercedes-classe-s-03-1024x682.jpg 1024w, http:\/\/taxisardegna.net\/wp-content\/uploads\/2020\/07\/mercedes-classe-s-03-300x200.jpg 300w, http:\/\/taxisardegna.net\/wp-content\/uploads\/2020\/07\/mercedes-classe-s-03-768x512.jpg 768w, http:\/\/taxisardegna.net\/wp-content\/uploads\/2020\/07\/mercedes-classe-s-03-120x80.jpg 120w, http:\/\/taxisardegna.net\/wp-content\/uploads\/2020\/07\/mercedes-classe-s-03.jpg 1280w\" sizes=\"(max-width: 1024px) 100vw, 1024px\" \/><\/a><\/figure><\/li><li class=\"blocks-gallery-item\"><figure><a href=\"http:\/\/www.justsardinia.it\/wp-content\/uploads\/2020\/07\/mercedes-classe-s-02.jpg\" data-rel=\"lightbox-image-2\" data-rl_title=\"\" data-rl_caption=\"\" title=\"\"><img loading=\"lazy\" width=\"1024\" height=\"682\" src=\"http:\/\/www.justsardinia.it\/wp-content\/uploads\/2020\/07\/mercedes-classe-s-02-1024x682.jpg\" alt=\"\" data-id=\"2165\" data-full-url=\"http:\/\/www.justsardinia.it\/wp-content\/uploads\/2020\/07\/mercedes-classe-s-02.jpg\" data-link=\"http:\/\/www.justsardinia.it\/mercedes-classe-s-02-2\/\" class=\"wp-image-2165\" srcset=\"http:\/\/taxisardegna.net\/wp-content\/uploads\/2020\/07\/mercedes-classe-s-02-1024x682.jpg 1024w, http:\/\/taxisardegna.net\/wp-content\/uploads\/2020\/07\/mercedes-classe-s-02-300x200.jpg 300w, http:\/\/taxisardegna.net\/wp-content\/uploads\/2020\/07\/mercedes-classe-s-02-768x512.jpg 768w, http:\/\/taxisardegna.net\/wp-content\/uploads\/2020\/07\/mercedes-classe-s-02-120x80.jpg 120w, http:\/\/taxisardegna.net\/wp-content\/uploads\/2020\/07\/mercedes-classe-s-02.jpg 1280w\" sizes=\"(max-width: 1024px) 100vw, 1024px\" \/><\/a><\/figure><\/li><\/ul><\/figure>\n\n\n\n<hr class=\"wp-block-separator\"\/>\n\n\n\n<h4 class=\"has-text-align-center\">Mercedes Class E<\/h4>\n\n\n\n<figure class=\"wp-block-gallery aligncenter columns-1 is-cropped\"><ul class=\"blocks-gallery-grid\"><li class=\"blocks-gallery-item\"><figure><a href=\"http:\/\/www.justsardinia.it\/wp-content\/uploads\/2020\/07\/Mercedes-E.jpg\" data-rel=\"lightbox-image-3\" data-rl_title=\"\" data-rl_caption=\"\" title=\"\"><img loading=\"lazy\" width=\"500\" height=\"310\" src=\"http:\/\/www.justsardinia.it\/wp-content\/uploads\/2020\/07\/Mercedes-E.jpg\" alt=\"\" data-id=\"2058\" data-full-url=\"http:\/\/www.justsardinia.it\/wp-content\/uploads\/2020\/07\/Mercedes-E.jpg\" data-link=\"http:\/\/www.justsardinia.it\/index.php\/it\/servizio-taxi\/noleggio-con-conducente\/mercedes-e\/\" class=\"wp-image-2058\" srcset=\"http:\/\/taxisardegna.net\/wp-content\/uploads\/2020\/07\/Mercedes-E.jpg 500w, http:\/\/taxisardegna.net\/wp-content\/uploads\/2020\/07\/Mercedes-E-300x186.jpg 300w, http:\/\/taxisardegna.net\/wp-content\/uploads\/2020\/07\/Mercedes-E-129x80.jpg 129w\" sizes=\"(max-width: 500px) 100vw, 500px\" \/><\/a><figcaption class=\"blocks-gallery-item__caption\">Mercedes Class E<\/figcaption><\/figure><\/li><\/ul><\/figure>\n\n\n\n<hr class=\"wp-block-separator\"\/>\n\n\n\n<figure class=\"wp-block-gallery columns-3 is-cropped\"><ul class=\"blocks-gallery-grid\"><li class=\"blocks-gallery-item\"><figure><a href=\"http:\/\/www.justsardinia.it\/wp-content\/uploads\/2020\/07\/Mercedes-V.jpg\" data-rel=\"lightbox-image-4\" data-rl_title=\"\" data-rl_caption=\"\" title=\"\"><img loading=\"lazy\" width=\"500\" height=\"310\" src=\"http:\/\/www.justsardinia.it\/wp-content\/uploads\/2020\/07\/Mercedes-V.jpg\" alt=\"\" data-id=\"2060\" data-full-url=\"http:\/\/www.justsardinia.it\/wp-content\/uploads\/2020\/07\/Mercedes-V.jpg\" data-link=\"http:\/\/www.justsardinia.it\/index.php\/it\/servizio-taxi\/noleggio-con-conducente\/mercedes-v\/\" class=\"wp-image-2060\" srcset=\"http:\/\/taxisardegna.net\/wp-content\/uploads\/2020\/07\/Mercedes-V.jpg 500w, http:\/\/taxisardegna.net\/wp-content\/uploads\/2020\/07\/Mercedes-V-300x186.jpg 300w, http:\/\/taxisardegna.net\/wp-content\/uploads\/2020\/07\/Mercedes-V-129x80.jpg 129w\" sizes=\"(max-width: 500px) 100vw, 500px\" \/><\/a><figcaption class=\"blocks-gallery-item__caption\">Mercedes Class V<\/figcaption><\/figure><\/li><li class=\"blocks-gallery-item\"><figure><a href=\"http:\/\/www.justsardinia.it\/wp-content\/uploads\/2020\/07\/Mercedes-V-D.jpg\" data-rel=\"lightbox-image-5\" data-rl_title=\"\" data-rl_caption=\"\" title=\"\"><img loading=\"lazy\" width=\"500\" height=\"310\" src=\"http:\/\/www.justsardinia.it\/wp-content\/uploads\/2020\/07\/Mercedes-V-D.jpg\" alt=\"\" data-id=\"2059\" data-full-url=\"http:\/\/www.justsardinia.it\/wp-content\/uploads\/2020\/07\/Mercedes-V-D.jpg\" data-link=\"http:\/\/www.justsardinia.it\/index.php\/it\/servizio-taxi\/noleggio-con-conducente\/mercedes-v-d\/\" class=\"wp-image-2059\" srcset=\"http:\/\/taxisardegna.net\/wp-content\/uploads\/2020\/07\/Mercedes-V-D.jpg 500w, http:\/\/taxisardegna.net\/wp-content\/uploads\/2020\/07\/Mercedes-V-D-300x186.jpg 300w, http:\/\/taxisardegna.net\/wp-content\/uploads\/2020\/07\/Mercedes-V-D-129x80.jpg 129w\" sizes=\"(max-width: 500px) 100vw, 500px\" \/><\/a><figcaption class=\"blocks-gallery-item__caption\">Mercedes Class V transport handicap\u00e9<\/figcaption><\/figure><\/li><li class=\"blocks-gallery-item\"><figure><a href=\"http:\/\/www.justsardinia.it\/wp-content\/uploads\/2020\/07\/Nissan-N.jpg\" data-rel=\"lightbox-image-6\" data-rl_title=\"\" data-rl_caption=\"\" title=\"\"><img loading=\"lazy\" width=\"500\" height=\"310\" src=\"http:\/\/www.justsardinia.it\/wp-content\/uploads\/2020\/07\/Nissan-N.jpg\" alt=\"\" data-id=\"2061\" data-full-url=\"http:\/\/www.justsardinia.it\/wp-content\/uploads\/2020\/07\/Nissan-N.jpg\" data-link=\"http:\/\/www.justsardinia.it\/index.php\/it\/servizio-taxi\/noleggio-con-conducente\/nissan-n\/\" class=\"wp-image-2061\" srcset=\"http:\/\/taxisardegna.net\/wp-content\/uploads\/2020\/07\/Nissan-N.jpg 500w, http:\/\/taxisardegna.net\/wp-content\/uploads\/2020\/07\/Nissan-N-300x186.jpg 300w, http:\/\/taxisardegna.net\/wp-content\/uploads\/2020\/07\/Nissan-N-129x80.jpg 129w\" sizes=\"(max-width: 500px) 100vw, 500px\" \/><\/a><figcaption class=\"blocks-gallery-item__caption\">Nissan N<\/figcaption><\/figure><\/li><\/ul><\/figure>\n\n\n\n<p>Notre prestation se veut \u00eatre&nbsp; de premier niveau. Nous vous offrons un service de transport avec conducteur \u00e0 des prix imbattables, gr\u00e2ce au parfais m\u00e9lange de diff\u00e9rents facteurs de succ\u00e8s, qui fait notre diff\u00e9rence depuis des ann\u00e9es d\u2019exp\u00e9rience comme un vaste choix de v\u00e9hicule de luxe , des chauffeurs de toute confiance, soigneusement s\u00e9lectionn\u00e9s et inscrits au registre du commerce avec permis de conduire professionnels.<\/p>\n\n\n\n<figure class=\"wp-block-gallery columns-2 is-cropped\"><ul class=\"blocks-gallery-grid\"><li class=\"blocks-gallery-item\"><figure><a href=\"http:\/\/www.justsardinia.it\/wp-content\/uploads\/2016\/02\/vetture_2016_2.jpg\" data-rel=\"lightbox-image-7\" data-rl_title=\"\" data-rl_caption=\"\" title=\"\"><img loading=\"lazy\" width=\"1024\" height=\"768\" src=\"http:\/\/www.justsardinia.it\/wp-content\/uploads\/2016\/02\/vetture_2016_2-1024x768.jpg\" alt=\"\" data-id=\"1144\" data-full-url=\"http:\/\/www.justsardinia.it\/wp-content\/uploads\/2016\/02\/vetture_2016_2.jpg\" data-link=\"http:\/\/www.justsardinia.it\/index.php\/it\/servizio-taxi\/noleggio-con-conducente\/vetture_2016_2\/\" class=\"wp-image-1144\" srcset=\"http:\/\/taxisardegna.net\/wp-content\/uploads\/2016\/02\/vetture_2016_2-1024x768.jpg 1024w, http:\/\/taxisardegna.net\/wp-content\/uploads\/2016\/02\/vetture_2016_2-300x225.jpg 300w, http:\/\/taxisardegna.net\/wp-content\/uploads\/2016\/02\/vetture_2016_2-768x576.jpg 768w, http:\/\/taxisardegna.net\/wp-content\/uploads\/2016\/02\/vetture_2016_2.jpg 1600w\" sizes=\"(max-width: 1024px) 100vw, 1024px\" \/><\/a><\/figure><\/li><li class=\"blocks-gallery-item\"><figure><a href=\"http:\/\/www.justsardinia.it\/wp-content\/uploads\/2016\/02\/vetture_2016.jpg\" data-rel=\"lightbox-image-8\" data-rl_title=\"\" data-rl_caption=\"\" title=\"\"><img loading=\"lazy\" width=\"1024\" height=\"768\" src=\"http:\/\/www.justsardinia.it\/wp-content\/uploads\/2016\/02\/vetture_2016-1024x768.jpg\" alt=\"\" data-id=\"1143\" data-full-url=\"http:\/\/www.justsardinia.it\/wp-content\/uploads\/2016\/02\/vetture_2016.jpg\" data-link=\"http:\/\/www.justsardinia.it\/index.php\/it\/servizio-taxi\/noleggio-con-conducente\/vetture_2016\/\" class=\"wp-image-1143\" srcset=\"http:\/\/taxisardegna.net\/wp-content\/uploads\/2016\/02\/vetture_2016-1024x768.jpg 1024w, http:\/\/taxisardegna.net\/wp-content\/uploads\/2016\/02\/vetture_2016-300x225.jpg 300w, http:\/\/taxisardegna.net\/wp-content\/uploads\/2016\/02\/vetture_2016-768x576.jpg 768w, http:\/\/taxisardegna.net\/wp-content\/uploads\/2016\/02\/vetture_2016.jpg 1600w\" sizes=\"(max-width: 1024px) 100vw, 1024px\" \/><\/a><\/figure><\/li><\/ul><\/figure>\n\n\n\n<p>Notre parc automobile est constitu\u00e9 surtout de voitures de marque Mercedes de luxe qui vous offrent un maximum de confort pendant votre voyage.<\/p>\n\n\n\n<p>Le service de location de v\u00e9hicule avec chauffeur est disponible sur tout le nord de la Sardaigne et\/ou \u00e9laborer sur mesure.<\/p>\n","protected":false},"excerpt":{"rendered":"<p>Se d\u00e9placer sans probl\u00e8mes La soci\u00e9t\u00e9 Just Sardinia est une garantie en ce qui concerne la location de v\u00e9hicule avec chauffeur, service business, transfert individuel ou collectif, excursion journali\u00e8re ,voiture de luxe disponible pour les mariages ou shopping, S\u00e9ance de photo de mode, meeting ou congr\u00e8s sur toute la Sardaigne. [&hellip;]<\/p>\n","protected":false},"author":118,"featured_media":235,"parent":699,"menu_order":0,"comment_status":"closed","ping_status":"closed","template":"","meta":[],"yoast_head":"<!-- This site is optimized with the Yoast SEO plugin v17.0 - https:\/\/yoast.com\/wordpress\/plugins\/seo\/ -->\r\n<title>Location avec chauffeur - Just Sardinia<\/title>\r\n<meta name=\"robots\" content=\"index, follow, max-snippet:-1, max-image-preview:large, max-video-preview:-1\" \/>\r\n<link rel=\"canonical\" href=\"http:\/\/www.taxisantateresagallura.it\/index.php\/fr\/service-taxi\/location-avec-chauffeur\/\" \/>\r\n<meta property=\"og:locale\" content=\"it_IT\" \/>\r\n<meta property=\"og:type\" content=\"article\" \/>\r\n<meta property=\"og:title\" content=\"Location avec chauffeur - Just Sardinia\" \/>\r\n<meta property=\"og:description\" content=\"Se d\u00e9placer sans probl\u00e8mes La soci\u00e9t\u00e9 Just Sardinia est une garantie en ce qui concerne la location de v\u00e9hicule avec chauffeur, service business, transfert individuel ou collectif, excursion journali\u00e8re ,voiture de luxe disponible pour les mariages ou shopping, S\u00e9ance de photo de mode, meeting ou congr\u00e8s sur toute la Sardaigne. [&hellip;]\" \/>\r\n<meta property=\"og:url\" content=\"http:\/\/www.taxisantateresagallura.it\/index.php\/fr\/service-taxi\/location-avec-chauffeur\/\" \/>\r\n<meta property=\"og:site_name\" content=\"Just Sardinia\" \/>\r\n<meta property=\"article:modified_time\" content=\"2020-07-31T16:34:27+00:00\" \/>\r\n<meta property=\"og:image\" content=\"http:\/\/www.justsardinia.it\/wp-content\/uploads\/2015\/12\/ncc.jpg\" \/>\r\n\t<meta property=\"og:image:width\" content=\"1024\" \/>\r\n\t<meta property=\"og:image:height\" content=\"160\" \/>\r\n<meta name=\"twitter:card\" content=\"summary_large_image\" \/>\r\n<meta name=\"twitter:label1\" content=\"Tempo di lettura stimato\" \/>\n\t<meta name=\"twitter:data1\" content=\"1 minuto\" \/>\r\n<script type=\"application\/ld+json\" class=\"yoast-schema-graph\">{\"@context\":\"https:\/\/schema.org\",\"@graph\":[{\"@type\":\"WebSite\",\"@id\":\"http:\/\/ncc-taxisantateresagallura.it\/index.php\/ru\/#website\",\"url\":\"http:\/\/ncc-taxisantateresagallura.it\/index.php\/ru\/\",\"name\":\"Just Sardinia\",\"description\":\"...the best way to travel\",\"potentialAction\":[{\"@type\":\"SearchAction\",\"target\":{\"@type\":\"EntryPoint\",\"urlTemplate\":\"http:\/\/ncc-taxisantateresagallura.it\/index.php\/ru\/?s={search_term_string}\"},\"query-input\":\"required name=search_term_string\"}],\"inLanguage\":\"it-IT\"},{\"@type\":\"ImageObject\",\"@id\":\"http:\/\/www.taxisantateresagallura.it\/index.php\/fr\/service-taxi\/location-avec-chauffeur\/#primaryimage\",\"inLanguage\":\"it-IT\",\"url\":\"http:\/\/taxisardegna.net\/wp-content\/uploads\/2015\/12\/ncc.jpg\",\"contentUrl\":\"http:\/\/taxisardegna.net\/wp-content\/uploads\/2015\/12\/ncc.jpg\",\"width\":1024,\"height\":160},{\"@type\":\"WebPage\",\"@id\":\"http:\/\/www.taxisantateresagallura.it\/index.php\/fr\/service-taxi\/location-avec-chauffeur\/#webpage\",\"url\":\"http:\/\/www.taxisantateresagallura.it\/index.php\/fr\/service-taxi\/location-avec-chauffeur\/\",\"name\":\"Location avec chauffeur - Just Sardinia\",\"isPartOf\":{\"@id\":\"http:\/\/ncc-taxisantateresagallura.it\/index.php\/ru\/#website\"},\"primaryImageOfPage\":{\"@id\":\"http:\/\/www.taxisantateresagallura.it\/index.php\/fr\/service-taxi\/location-avec-chauffeur\/#primaryimage\"},\"datePublished\":\"2016-05-20T13:51:32+00:00\",\"dateModified\":\"2020-07-31T16:34:27+00:00\",\"breadcrumb\":{\"@id\":\"http:\/\/www.taxisantateresagallura.it\/index.php\/fr\/service-taxi\/location-avec-chauffeur\/#breadcrumb\"},\"inLanguage\":\"it-IT\",\"potentialAction\":[{\"@type\":\"ReadAction\",\"target\":[\"http:\/\/www.taxisantateresagallura.it\/index.php\/fr\/service-taxi\/location-avec-chauffeur\/\"]}]},{\"@type\":\"BreadcrumbList\",\"@id\":\"http:\/\/www.taxisantateresagallura.it\/index.php\/fr\/service-taxi\/location-avec-chauffeur\/#breadcrumb\",\"itemListElement\":[{\"@type\":\"ListItem\",\"position\":1,\"name\":\"Home\",\"item\":\"http:\/\/ncc-taxisantateresagallura.it\/index.php\/ru\/\"},{\"@type\":\"ListItem\",\"position\":2,\"name\":\"Service Taxi\",\"item\":\"http:\/\/www.taxisantateresagallura.it\/index.php\/fr\/service-taxi\/\"},{\"@type\":\"ListItem\",\"position\":3,\"name\":\"Location avec chauffeur\"}]}]}<\/script>\r\n<!-- \/ Yoast SEO plugin. -->","yoast_head_json":{"title":"Location avec chauffeur - Just Sardinia","robots":{"index":"index","follow":"follow","max-snippet":"max-snippet:-1","max-image-preview":"max-image-preview:large","max-video-preview":"max-video-preview:-1"},"canonical":"http:\/\/www.taxisantateresagallura.it\/index.php\/fr\/service-taxi\/location-avec-chauffeur\/","og_locale":"it_IT","og_type":"article","og_title":"Location avec chauffeur - Just Sardinia","og_description":"Se d\u00e9placer sans probl\u00e8mes La soci\u00e9t\u00e9 Just Sardinia est une garantie en ce qui concerne la location de v\u00e9hicule avec chauffeur, service business, transfert individuel ou collectif, excursion journali\u00e8re ,voiture de luxe disponible pour les mariages ou shopping, S\u00e9ance de photo de mode, meeting ou congr\u00e8s sur toute la Sardaigne. [&hellip;]","og_url":"http:\/\/www.taxisantateresagallura.it\/index.php\/fr\/service-taxi\/location-avec-chauffeur\/","og_site_name":"Just Sardinia","article_modified_time":"2020-07-31T16:34:27+00:00","og_image":[{"width":1024,"height":160,"url":"http:\/\/www.justsardinia.it\/wp-content\/uploads\/2015\/12\/ncc.jpg","path":"C:\\inetpub\\wwwroot\\WP_justsardinia\/wp-content\/uploads\/2015\/12\/ncc.jpg","size":"full","id":235,"alt":"","pixels":163840,"type":"image\/jpeg"}],"twitter_card":"summary_large_image","twitter_misc":{"Tempo di lettura stimato":"1 minuto"},"schema":{"@context":"https:\/\/schema.org","@graph":[{"@type":"WebSite","@id":"http:\/\/ncc-taxisantateresagallura.it\/index.php\/ru\/#website","url":"http:\/\/ncc-taxisantateresagallura.it\/index.php\/ru\/","name":"Just Sardinia","description":"...the best way to travel","potentialAction":[{"@type":"SearchAction","target":{"@type":"EntryPoint","urlTemplate":"http:\/\/ncc-taxisantateresagallura.it\/index.php\/ru\/?s={search_term_string}"},"query-input":"required name=search_term_string"}],"inLanguage":"it-IT"},{"@type":"ImageObject","@id":"http:\/\/www.taxisantateresagallura.it\/index.php\/fr\/service-taxi\/location-avec-chauffeur\/#primaryimage","inLanguage":"it-IT","url":"http:\/\/taxisardegna.net\/wp-content\/uploads\/2015\/12\/ncc.jpg","contentUrl":"http:\/\/taxisardegna.net\/wp-content\/uploads\/2015\/12\/ncc.jpg","width":1024,"height":160},{"@type":"WebPage","@id":"http:\/\/www.taxisantateresagallura.it\/index.php\/fr\/service-taxi\/location-avec-chauffeur\/#webpage","url":"http:\/\/www.taxisantateresagallura.it\/index.php\/fr\/service-taxi\/location-avec-chauffeur\/","name":"Location avec chauffeur - Just Sardinia","isPartOf":{"@id":"http:\/\/ncc-taxisantateresagallura.it\/index.php\/ru\/#website"},"primaryImageOfPage":{"@id":"http:\/\/www.taxisantateresagallura.it\/index.php\/fr\/service-taxi\/location-avec-chauffeur\/#primaryimage"},"datePublished":"2016-05-20T13:51:32+00:00","dateModified":"2020-07-31T16:34:27+00:00","breadcrumb":{"@id":"http:\/\/www.taxisantateresagallura.it\/index.php\/fr\/service-taxi\/location-avec-chauffeur\/#breadcrumb"},"inLanguage":"it-IT","potentialAction":[{"@type":"ReadAction","target":["http:\/\/www.taxisantateresagallura.it\/index.php\/fr\/service-taxi\/location-avec-chauffeur\/"]}]},{"@type":"BreadcrumbList","@id":"http:\/\/www.taxisantateresagallura.it\/index.php\/fr\/service-taxi\/location-avec-chauffeur\/#breadcrumb","itemListElement":[{"@type":"ListItem","position":1,"name":"Home","item":"http:\/\/ncc-taxisantateresagallura.it\/index.php\/ru\/"},{"@type":"ListItem","position":2,"name":"Service Taxi","item":"http:\/\/www.taxisantateresagallura.it\/index.php\/fr\/service-taxi\/"},{"@type":"ListItem","position":3,"name":"Location avec chauffeur"}]}]}},"_links":{"self":[{"href":"http:\/\/taxisardegna.net\/index.php\/wp-json\/wp\/v2\/pages\/770"}],"collection":[{"href":"http:\/\/taxisardegna.net\/index.php\/wp-json\/wp\/v2\/pages"}],"about":[{"href":"http:\/\/taxisardegna.net\/index.php\/wp-json\/wp\/v2\/types\/page"}],"author":[{"embeddable":true,"href":"http:\/\/taxisardegna.net\/index.php\/wp-json\/wp\/v2\/users\/118"}],"replies":[{"embeddable":true,"href":"http:\/\/taxisardegna.net\/index.php\/wp-json\/wp\/v2\/comments?post=770"}],"version-history":[{"count":7,"href":"http:\/\/taxisardegna.net\/index.php\/wp-json\/wp\/v2\/pages\/770\/revisions"}],"predecessor-version":[{"id":2289,"href":"http:\/\/taxisardegna.net\/index.php\/wp-json\/wp\/v2\/pages\/770\/revisions\/2289"}],"up":[{"embeddable":true,"href":"http:\/\/taxisardegna.net\/index.php\/wp-json\/wp\/v2\/pages\/699"}],"wp:featuredmedia":[{"embeddable":true,"href":"http:\/\/taxisardegna.net\/index.php\/wp-json\/wp\/v2\/media\/235"}],"wp:attachment":[{"href":"http:\/\/taxisardegna.net\/index.php\/wp-json\/wp\/v2\/media?parent=770"}],"curies":[{"name":"wp","href":"https:\/\/api.w.org\/{rel}","templated":true}]}}